{"id":3035,"date":"2021-08-06T11:53:42","date_gmt":"2021-08-06T09:53:42","guid":{"rendered":"https:\/\/ehw-maschinen.com\/video\/"},"modified":"2022-09-02T12:28:47","modified_gmt":"2022-09-02T10:28:47","slug":"video","status":"publish","type":"page","link":"https:\/\/ehw-italia.com\/es\/video\/","title":{"rendered":"Video"},"content":{"rendered":"<p>[et_pb_section fb_built=\u00bb1&#8243; _builder_version=\u00bb4.9.2&#8243; _module_preset=\u00bbdefault\u00bb background_color=\u00bb#E3E3E3&#8243; use_background_color_gradient=\u00bbon\u00bb background_color_gradient_start=\u00bbrgba(48,48,48,0.59)\u00bb background_color_gradient_end=\u00bbrgba(48,48,48,0.6)\u00bb background_image=\u00bbhttps:\/\/ehw-italia.com\/wp-content\/uploads\/2021\/09\/Carbonio-2000&#215;2000-1.svg\u00bb custom_padding=\u00bb2%||0.1%||false|false\u00bb][et_pb_row make_equal=\u00bbon\u00bb _builder_version=\u00bb4.9.2&#8243; _module_preset=\u00bbdefault\u00bb custom_margin=\u00bb7%|auto|3%|auto|false|false\u00bb scroll_vertical_motion_enable=\u00bbon\u00bb scroll_vertical_motion=\u00bb0|50|50|100|3|0|0&#8243; scroll_vertical_motion_tablet=\u00bb\u00bb scroll_vertical_motion_phone=\u00bb0|50|50|100|1.5|0|0&#8243; scroll_vertical_motion_last_edited=\u00bbon|phone\u00bb custom_css_main_element=\u00bbalign-items:center;\u00bb][et_pb_column type=\u00bb4_4&#8243; _builder_version=\u00bb4.9.2&#8243; _module_preset=\u00bbdefault\u00bb][et_pb_text _builder_version=\u00bb4.9.2&#8243; _module_preset=\u00bbdefault\u00bb header_text_color=\u00bb#FFFFFF\u00bb header_font_size=\u00bb45px\u00bb header_2_text_align=\u00bbleft\u00bb header_2_text_color=\u00bb#FFFFFF\u00bb header_2_font_size=\u00bb45px\u00bb header_font_size_tablet=\u00bb\u00bb header_font_size_phone=\u00bb35px\u00bb header_font_size_last_edited=\u00bbon|desktop\u00bb header_2_text_align_tablet=\u00bbcenter\u00bb header_2_text_align_phone=\u00bb\u00bb header_2_text_align_last_edited=\u00bbon|tablet\u00bb]<\/p>\n<h1>VIDEO<\/h1>\n<p>[\/et_pb_text][\/et_pb_column][\/et_pb_row][\/et_pb_section][et_pb_section fb_built=\u00bb1&#8243; disabled_on=\u00bboff|off|off\u00bb _builder_version=\u00bb4.9.2&#8243; _module_preset=\u00bbdefault\u00bb background_color=\u00bb#e3e3e3&#8243; background_enable_image=\u00bboff\u00bb custom_margin=\u00bb-1%||||false|false\u00bb custom_padding=\u00bb0px||0px||false|false\u00bb][et_pb_row make_equal=\u00bbon\u00bb _builder_version=\u00bb4.9.2&#8243; _module_preset=\u00bbdefault\u00bb custom_css_main_element=\u00bbalign-items:center;\u00bb][et_pb_column type=\u00bb4_4&#8243; _builder_version=\u00bb4.9.2&#8243; _module_preset=\u00bbdefault\u00bb][et_pb_text _builder_version=\u00bb4.9.2&#8243; _module_preset=\u00bbdefault\u00bb text_font=\u00bb|300|||||||\u00bb text_text_color=\u00bb#000000&#8243; header_2_text_color=\u00bb#0F64AF\u00bb][\/et_pb_text][\/et_pb_column][\/et_pb_row][et_pb_row column_structure=\u00bb1_3,1_3,1_3&#8243; make_equal=\u00bbon\u00bb _builder_version=\u00bb4.9.2&#8243; _module_preset=\u00bbdefault\u00bb background_enable_color=\u00bboff\u00bb background_enable_image=\u00bboff\u00bb max_width=\u00bb100%\u00bb custom_margin=\u00bb||||false|false\u00bb custom_padding=\u00bb||5%||false|false\u00bb custom_css_main_element=\u00bbalign-items:center;\u00bb][et_pb_column type=\u00bb1_3&#8243; _builder_version=\u00bb4.9.2&#8243; _module_preset=\u00bbdefault\u00bb background_enable_color=\u00bboff\u00bb background_enable_image=\u00bboff\u00bb][et_pb_code _builder_version=\u00bb4.9.2&#8243; _module_preset=\u00bbdefault\u00bb]<iframe width=\"560\" height=\"315\" src=\"https:\/\/www.youtube.com\/embed\/di-5manhszw?playlist=di-5manhszw&#038;loop=1\" title=\"YouTube video player\" frameborder=\"0\" allow=\"accelerometer; autoplay; clipboard-write; encrypted-media; gyroscope; picture-in-picture\" allowfullscreen=\"\"><\/iframe>[\/et_pb_code][\/et_pb_column][et_pb_column type=\u00bb1_3&#8243; _builder_version=\u00bb4.9.2&#8243; _module_preset=\u00bbdefault\u00bb background_enable_color=\u00bboff\u00bb background_enable_image=\u00bboff\u00bb][et_pb_code _builder_version=\u00bb4.9.2&#8243; _module_preset=\u00bbdefault\u00bb]<iframe width=\"560\" height=\"315\" src=\"https:\/\/www.youtube.com\/embed\/Mwjd40lKTak?playlist=Mwjd40lKTak&#038;loop=1\" title=\"YouTube video player\" frameborder=\"0\" allow=\"accelerometer; autoplay; clipboard-write; encrypted-media; gyroscope; picture-in-picture\" allowfullscreen=\"\"><\/iframe>[\/et_pb_code][\/et_pb_column][et_pb_column type=\u00bb1_3&#8243; _builder_version=\u00bb4.9.2&#8243; _module_preset=\u00bbdefault\u00bb][et_pb_code _builder_version=\u00bb4.9.2&#8243; _module_preset=\u00bbdefault\u00bb]<iframe width=\"560\" height=\"315\" src=\"https:\/\/www.youtube.com\/embed\/TqQMt2JkQDM?playlist=TqQMt2JkQDM&#038;loop=1\" title=\"YouTube video player\" frameborder=\"0\" allow=\"accelerometer; autoplay; clipboard-write; encrypted-media; gyroscope; picture-in-picture\" allowfullscreen=\"\"><\/iframe>[\/et_pb_code][\/et_pb_column][\/et_pb_row][et_pb_row column_structure=\u00bb1_3,1_3,1_3&#8243; make_equal=\u00bbon\u00bb _builder_version=\u00bb4.9.2&#8243; _module_preset=\u00bbdefault\u00bb background_enable_color=\u00bboff\u00bb max_width=\u00bb100%\u00bb custom_margin=\u00bb||||false|false\u00bb custom_padding=\u00bb||5%||false|false\u00bb custom_css_main_element=\u00bbalign-items:center;\u00bb][et_pb_column type=\u00bb1_3&#8243; _builder_version=\u00bb4.9.2&#8243; _module_preset=\u00bbdefault\u00bb][et_pb_code _builder_version=\u00bb4.9.2&#8243; _module_preset=\u00bbdefault\u00bb]<iframe width=\"560\" height=\"315\" src=\"https:\/\/www.youtube.com\/embed\/9dEzIk2AVrM?playlist=9dEzIk2AVrM&#038;loop=1\" title=\"YouTube video player\" frameborder=\"0\" allow=\"accelerometer; autoplay; clipboard-write; encrypted-media; gyroscope; picture-in-picture\" allowfullscreen=\"\"><\/iframe>[\/et_pb_code][\/et_pb_column][et_pb_column type=\u00bb1_3&#8243; _builder_version=\u00bb4.9.2&#8243; _module_preset=\u00bbdefault\u00bb][et_pb_code _builder_version=\u00bb4.9.2&#8243; _module_preset=\u00bbdefault\u00bb]<iframe width=\"560\" height=\"315\" src=\"https:\/\/www.youtube.com\/embed\/trZaIkpE7NM?playlist=trZaIkpE7NM&#038;loop=1\" title=\"YouTube video player\" frameborder=\"0\" allow=\"accelerometer; autoplay; clipboard-write; encrypted-media; gyroscope; picture-in-picture\" allowfullscreen=\"\"><\/iframe>[\/et_pb_code][\/et_pb_column][et_pb_column type=\u00bb1_3&#8243; _builder_version=\u00bb4.9.2&#8243; _module_preset=\u00bbdefault\u00bb][et_pb_code _builder_version=\u00bb4.9.2&#8243; _module_preset=\u00bbdefault\u00bb]<iframe width=\"560\" height=\"315\" src=\"https:\/\/www.youtube.com\/embed\/PWSAmCkx44w?playlist=PWSAmCkx44w&#038;loop=1\" title=\"YouTube video player\" frameborder=\"0\" allow=\"accelerometer; autoplay; clipboard-write; encrypted-media; gyroscope; picture-in-picture\" allowfullscreen=\"\"><\/iframe>[\/et_pb_code][\/et_pb_column][\/et_pb_row][\/et_pb_section][et_pb_section fb_built=\u00bb1&#8243; _builder_version=\u00bb4.9.2&#8243; _module_preset=\u00bbdefault\u00bb background_color=\u00bb#0F64AF\u00bb custom_padding=\u00bb0px||0px||true|false\u00bb][et_pb_row _builder_version=\u00bb4.9.2&#8243; _module_preset=\u00bbdefault\u00bb custom_padding=\u00bb0px||0px||true|false\u00bb][et_pb_column type=\u00bb4_4&#8243; _builder_version=\u00bb4.9.2&#8243; _module_preset=\u00bbdefault\u00bb][et_pb_divider show_divider=\u00bboff\u00bb _builder_version=\u00bb4.9.2&#8243; _module_preset=\u00bbdefault\u00bb background_enable_color=\u00bboff\u00bb min_height=\u00bb100%\u00bb height=\u00bb3%\u00bb max_height=\u00bb3%\u00bb][\/et_pb_divider][\/et_pb_column][\/et_pb_row][\/et_pb_section]<\/p>\n","protected":false},"excerpt":{"rendered":"<p>VIDEO<\/p>\n","protected":false},"author":1,"featured_media":0,"parent":0,"menu_order":0,"comment_status":"closed","ping_status":"closed","template":"","meta":{"_acf_changed":false,"_et_pb_use_builder":"on","_et_pb_old_content":"","_et_gb_content_width":"","inline_featured_image":false,"footnotes":""},"class_list":["post-3035","page","type-page","status-publish","hentry"],"acf":[],"yoast_head":"<!-- This site is optimized with the Yoast SEO plugin v26.7 - https:\/\/yoast.com\/wordpress\/plugins\/seo\/ -->\n<title>Nuestros Videos - EHW Italia<\/title>\n<meta name=\"description\" content=\"Descubra ahora c\u00f3mo funciona una m\u00e1quina o una planta de pellets producida por EHW Italia a trav\u00e9s de videos breves e intuitivos.\" \/>\n<meta name=\"robots\" content=\"index, follow, max-snippet:-1, max-image-preview:large, max-video-preview:-1\" \/>\n<link rel=\"canonical\" href=\"https:\/\/ehw-italia.com\/es\/video\/\" \/>\n<meta property=\"og:locale\" content=\"es_ES\" \/>\n<meta property=\"og:type\" content=\"article\" \/>\n<meta property=\"og:title\" content=\"Nuestros Videos - EHW Italia\" \/>\n<meta property=\"og:description\" content=\"Descubra ahora c\u00f3mo funciona una m\u00e1quina o una planta de pellets producida por EHW Italia a trav\u00e9s de videos breves e intuitivos.\" \/>\n<meta property=\"og:url\" content=\"https:\/\/ehw-italia.com\/es\/video\/\" \/>\n<meta property=\"og:site_name\" content=\"EHW\" \/>\n<meta property=\"article:modified_time\" content=\"2022-09-02T10:28:47+00:00\" \/>\n<meta name=\"twitter:card\" content=\"summary_large_image\" \/>\n<meta name=\"twitter:label1\" content=\"Tiempo de lectura\" \/>\n\t<meta name=\"twitter:data1\" content=\"3 minutos\" \/>\n<script type=\"application\/ld+json\" class=\"yoast-schema-graph\">{\"@context\":\"https:\/\/schema.org\",\"@graph\":[{\"@type\":\"WebPage\",\"@id\":\"https:\/\/ehw-italia.com\/es\/video\/\",\"url\":\"https:\/\/ehw-italia.com\/es\/video\/\",\"name\":\"Nuestros Videos - EHW Italia\",\"isPartOf\":{\"@id\":\"https:\/\/ehw-italia.com\/#website\"},\"datePublished\":\"2021-08-06T09:53:42+00:00\",\"dateModified\":\"2022-09-02T10:28:47+00:00\",\"description\":\"Descubra ahora c\u00f3mo funciona una m\u00e1quina o una planta de pellets producida por EHW Italia a trav\u00e9s de videos breves e intuitivos.\",\"breadcrumb\":{\"@id\":\"https:\/\/ehw-italia.com\/es\/video\/#breadcrumb\"},\"inLanguage\":\"es\",\"potentialAction\":[{\"@type\":\"ReadAction\",\"target\":[\"https:\/\/ehw-italia.com\/es\/video\/\"]}]},{\"@type\":\"BreadcrumbList\",\"@id\":\"https:\/\/ehw-italia.com\/es\/video\/#breadcrumb\",\"itemListElement\":[{\"@type\":\"ListItem\",\"position\":1,\"name\":\"Home\",\"item\":\"https:\/\/ehw-italia.com\/es\/\"},{\"@type\":\"ListItem\",\"position\":2,\"name\":\"Video\"}]},{\"@type\":\"WebSite\",\"@id\":\"https:\/\/ehw-italia.com\/#website\",\"url\":\"https:\/\/ehw-italia.com\/\",\"name\":\"EHW\",\"description\":\"Impianti per la produzione di pellet su misura\",\"potentialAction\":[{\"@type\":\"SearchAction\",\"target\":{\"@type\":\"EntryPoint\",\"urlTemplate\":\"https:\/\/ehw-italia.com\/?s={search_term_string}\"},\"query-input\":{\"@type\":\"PropertyValueSpecification\",\"valueRequired\":true,\"valueName\":\"search_term_string\"}}],\"inLanguage\":\"es\"}]}<\/script>\n<!-- \/ Yoast SEO plugin. -->","yoast_head_json":{"title":"Nuestros Videos - EHW Italia","description":"Descubra ahora c\u00f3mo funciona una m\u00e1quina o una planta de pellets producida por EHW Italia a trav\u00e9s de videos breves e intuitivos.","robots":{"index":"index","follow":"follow","max-snippet":"max-snippet:-1","max-image-preview":"max-image-preview:large","max-video-preview":"max-video-preview:-1"},"canonical":"https:\/\/ehw-italia.com\/es\/video\/","og_locale":"es_ES","og_type":"article","og_title":"Nuestros Videos - EHW Italia","og_description":"Descubra ahora c\u00f3mo funciona una m\u00e1quina o una planta de pellets producida por EHW Italia a trav\u00e9s de videos breves e intuitivos.","og_url":"https:\/\/ehw-italia.com\/es\/video\/","og_site_name":"EHW","article_modified_time":"2022-09-02T10:28:47+00:00","twitter_card":"summary_large_image","twitter_misc":{"Tiempo de lectura":"3 minutos"},"schema":{"@context":"https:\/\/schema.org","@graph":[{"@type":"WebPage","@id":"https:\/\/ehw-italia.com\/es\/video\/","url":"https:\/\/ehw-italia.com\/es\/video\/","name":"Nuestros Videos - EHW Italia","isPartOf":{"@id":"https:\/\/ehw-italia.com\/#website"},"datePublished":"2021-08-06T09:53:42+00:00","dateModified":"2022-09-02T10:28:47+00:00","description":"Descubra ahora c\u00f3mo funciona una m\u00e1quina o una planta de pellets producida por EHW Italia a trav\u00e9s de videos breves e intuitivos.","breadcrumb":{"@id":"https:\/\/ehw-italia.com\/es\/video\/#breadcrumb"},"inLanguage":"es","potentialAction":[{"@type":"ReadAction","target":["https:\/\/ehw-italia.com\/es\/video\/"]}]},{"@type":"BreadcrumbList","@id":"https:\/\/ehw-italia.com\/es\/video\/#breadcrumb","itemListElement":[{"@type":"ListItem","position":1,"name":"Home","item":"https:\/\/ehw-italia.com\/es\/"},{"@type":"ListItem","position":2,"name":"Video"}]},{"@type":"WebSite","@id":"https:\/\/ehw-italia.com\/#website","url":"https:\/\/ehw-italia.com\/","name":"EHW","description":"Impianti per la produzione di pellet su misura","potentialAction":[{"@type":"SearchAction","target":{"@type":"EntryPoint","urlTemplate":"https:\/\/ehw-italia.com\/?s={search_term_string}"},"query-input":{"@type":"PropertyValueSpecification","valueRequired":true,"valueName":"search_term_string"}}],"inLanguage":"es"}]}},"_links":{"self":[{"href":"https:\/\/ehw-italia.com\/es\/wp-json\/wp\/v2\/pages\/3035","targetHints":{"allow":["GET"]}}],"collection":[{"href":"https:\/\/ehw-italia.com\/es\/wp-json\/wp\/v2\/pages"}],"about":[{"href":"https:\/\/ehw-italia.com\/es\/wp-json\/wp\/v2\/types\/page"}],"author":[{"embeddable":true,"href":"https:\/\/ehw-italia.com\/es\/wp-json\/wp\/v2\/users\/1"}],"replies":[{"embeddable":true,"href":"https:\/\/ehw-italia.com\/es\/wp-json\/wp\/v2\/comments?post=3035"}],"version-history":[{"count":2,"href":"https:\/\/ehw-italia.com\/es\/wp-json\/wp\/v2\/pages\/3035\/revisions"}],"predecessor-version":[{"id":3861,"href":"https:\/\/ehw-italia.com\/es\/wp-json\/wp\/v2\/pages\/3035\/revisions\/3861"}],"wp:attachment":[{"href":"https:\/\/ehw-italia.com\/es\/wp-json\/wp\/v2\/media?parent=3035"}],"curies":[{"name":"wp","href":"https:\/\/api.w.org\/{rel}","templated":true}]}}